{"id":74,"date":"2025-03-18T12:29:43","date_gmt":"2025-03-18T12:29:43","guid":{"rendered":"https:\/\/elementor.test-wp.keepgo.com\/index.php\/faqs\/"},"modified":"2025-06-18T11:54:51","modified_gmt":"2025-06-18T11:54:51","slug":"faqs","status":"publish","type":"page","link":"https:\/\/sims2travel.com\/tr\/faqs\/","title":{"rendered":"SSS"},"content":{"rendered":"<div data-elementor-type=\"wp-page\" data-elementor-id=\"74\" class=\"elementor elementor-74\" data-elementor-post-type=\"page\">\n\t\t\t\t<div class=\"elementor-element elementor-element-597000a7 e-flex e-con-boxed e-con e-parent\" data-id=\"597000a7\" data-element_type=\"container\" data-e-type=\"container\">\n\t\t\t\t\t<div class=\"e-con-inner\">\n\t\t\t\t<div class=\"elementor-element elementor-element-2a04fa32 elementor-widget elementor-widget-heading\" data-id=\"2a04fa32\" data-element_type=\"widget\" data-e-type=\"widget\" data-widget_type=\"heading.default\">\n\t\t\t\t<div class=\"elementor-widget-container\">\n\t\t\t\t\t<h2 class=\"elementor-heading-title elementor-size-default\">Sorular\u0131n\u0131z m\u0131 var? Cevaplar\u0131m\u0131z var\n<\/h2>\t\t\t\t<\/div>\n\t\t\t\t<\/div>\n\t\t\t\t\t<\/div>\n\t\t\t\t<\/div>\n\t\t<div class=\"elementor-element elementor-element-4c9dd4da e-flex e-con-boxed e-con e-parent\" data-id=\"4c9dd4da\" data-element_type=\"container\" data-e-type=\"container\">\n\t\t\t\t\t<div class=\"e-con-inner\">\n\t\t\t\t<div class=\"elementor-element elementor-element-644f729f elementor-widget elementor-widget-heading\" data-id=\"644f729f\" data-element_type=\"widget\" data-e-type=\"widget\" data-widget_type=\"heading.default\">\n\t\t\t\t<div class=\"elementor-widget-container\">\n\t\t\t\t\t<h2 class=\"elementor-heading-title elementor-size-default\">SSS<\/h2>\t\t\t\t<\/div>\n\t\t\t\t<\/div>\n\t\t\t\t<div class=\"elementor-element elementor-element-6c7e8299 elementor-widget elementor-widget-shortcode\" data-id=\"6c7e8299\" data-element_type=\"widget\" data-e-type=\"widget\" data-widget_type=\"shortcode.default\">\n\t\t\t\t<div class=\"elementor-widget-container\">\n\t\t\t\t\t\t\t<div class=\"elementor-shortcode\"><style>\n.elementor-kit-14 button, .elementor-kit-14 input[type=\"button\"], .elementor-kit-14 input[type=\"submit\"], .elementor-kit-14 .elementor-button {\n    background-color: var(--e-global-color-primary);\n    color: var(--e-global-color-text);\n}\n<\/style>\n        <div id=\"faq_list\" data-mode=\"both\"><\/div>\n        <\/div>\n\t\t\t\t\t\t<\/div>\n\t\t\t\t<\/div>\n\t\t\t\t\t<\/div>\n\t\t\t\t<\/div>\n\t\t\t\t<\/div>","protected":false},"excerpt":{"rendered":"<p>Got questions? We got answers FAQs<\/p>","protected":false},"author":1,"featured_media":0,"parent":0,"menu_order":0,"comment_status":"closed","ping_status":"closed","template":"","meta":{"om_disable_all_campaigns":false,"_monsterinsights_skip_tracking":false,"_monsterinsights_sitenote_active":false,"_monsterinsights_sitenote_note":"","_monsterinsights_sitenote_category":0,"footnotes":""},"class_list":["post-74","page","type-page","status-publish","hentry"],"aioseo_notices":[],"_links":{"self":[{"href":"https:\/\/sims2travel.com\/tr\/wp-json\/wp\/v2\/pages\/74","targetHints":{"allow":["GET"]}}],"collection":[{"href":"https:\/\/sims2travel.com\/tr\/wp-json\/wp\/v2\/pages"}],"about":[{"href":"https:\/\/sims2travel.com\/tr\/wp-json\/wp\/v2\/types\/page"}],"author":[{"embeddable":true,"href":"https:\/\/sims2travel.com\/tr\/wp-json\/wp\/v2\/users\/1"}],"replies":[{"embeddable":true,"href":"https:\/\/sims2travel.com\/tr\/wp-json\/wp\/v2\/comments?post=74"}],"version-history":[{"count":7,"href":"https:\/\/sims2travel.com\/tr\/wp-json\/wp\/v2\/pages\/74\/revisions"}],"predecessor-version":[{"id":728,"href":"https:\/\/sims2travel.com\/tr\/wp-json\/wp\/v2\/pages\/74\/revisions\/728"}],"wp:attachment":[{"href":"https:\/\/sims2travel.com\/tr\/wp-json\/wp\/v2\/media?parent=74"}],"curies":[{"name":"wp","href":"https:\/\/api.w.org\/{rel}","templated":true}]}}